{"id":29,"date":"2017-07-23T10:19:51","date_gmt":"2017-07-23T08:19:51","guid":{"rendered":"http:\/\/karlnolte.de\/?page_id=29"},"modified":"2025-12-16T18:30:28","modified_gmt":"2025-12-16T17:30:28","slug":"hammenstedter-chronik","status":"publish","type":"page","link":"https:\/\/karlnolte.de\/?page_id=29","title":{"rendered":"Hammenstedter Chronik"},"content":{"rendered":"<p style=\"text-align: left;\"><img loading=\"lazy\" decoding=\"async\" class=\"alignnone wp-image-874\" src=\"http:\/\/karlnolte.de\/wp-content\/uploads\/2018\/08\/Buch-Feldmarrk-Muster-1-688x1024.jpg\" alt=\"\" width=\"200\" height=\"298\" srcset=\"https:\/\/karlnolte.de\/wp-content\/uploads\/2018\/08\/Buch-Feldmarrk-Muster-1-688x1024.jpg 688w, https:\/\/karlnolte.de\/wp-content\/uploads\/2018\/08\/Buch-Feldmarrk-Muster-1-202x300.jpg 202w, https:\/\/karlnolte.de\/wp-content\/uploads\/2018\/08\/Buch-Feldmarrk-Muster-1-768x1142.jpg 768w, https:\/\/karlnolte.de\/wp-content\/uploads\/2018\/08\/Buch-Feldmarrk-Muster-1-619x921.jpg 619w\" sizes=\"auto, (max-width: 200px) 100vw, 200px\" \/><img loading=\"lazy\" decoding=\"async\" class=\"wp-image-45 alignleft\" src=\"http:\/\/karlnolte.de\/wp-content\/uploads\/2017\/07\/Homepage-Chronik-I-768x1024.jpg\" alt=\"\" width=\"181\" height=\"242\" srcset=\"https:\/\/karlnolte.de\/wp-content\/uploads\/2017\/07\/Homepage-Chronik-I-768x1024.jpg 768w, https:\/\/karlnolte.de\/wp-content\/uploads\/2017\/07\/Homepage-Chronik-I-225x300.jpg 225w, https:\/\/karlnolte.de\/wp-content\/uploads\/2017\/07\/Homepage-Chronik-I-619x825.jpg 619w\" sizes=\"auto, (max-width: 181px) 100vw, 181px\" \/><img loading=\"lazy\" decoding=\"async\" class=\"wp-image-40 alignleft\" src=\"http:\/\/karlnolte.de\/wp-content\/uploads\/2017\/07\/Chronik-Buchumschl..jpg\" alt=\"\" width=\"173\" height=\"238\" srcset=\"https:\/\/karlnolte.de\/wp-content\/uploads\/2017\/07\/Chronik-Buchumschl..jpg 665w, https:\/\/karlnolte.de\/wp-content\/uploads\/2017\/07\/Chronik-Buchumschl.-218x300.jpg 218w, https:\/\/karlnolte.de\/wp-content\/uploads\/2017\/07\/Chronik-Buchumschl.-619x854.jpg 619w\" sizes=\"auto, (max-width: 173px) 100vw, 173px\" \/><\/p>\n<p style=\"text-align: left;\">In den letzten 20 Jahren habe ich mich intensiv mit der Geschichte meines Heimatortes Hammenstedt besch\u00e4ftigt und hierzu drei B\u00fccher herausgeben.<\/p>\n<p>Im November 2009 ist das Buch &#8222;Die Geschichte des Dorfes Hammenstedt und der W\u00fcstung Husum&#8220; erschienen. Hierbei handelt es sich um eine\u00a0 \u00dcberarbeitung und Aktualisierung einer in der 1920er Jahren von Adolf Hueg, Northeim herausgegebenen Schrift.<strong><br \/>\n<\/strong><\/p>\n<p>Ab etwa dem Jahre 2000 habe ich mit eigenen Recherchen zur Geschichte Hammenstedts begonnen und im Jahre 2016 eine umfassende Chronik mit dem Titel &#8222;Ein Dorf im Wandel &#8211; die 1000j\u00e4hrige Geschichte des\u00a0 Dorfes Hammenstedt&#8220;<strong><br \/>\n<\/strong><\/p>\n<p>Au\u00dferdem habe ich den Sonderband &#8222;Jagd- und Feldmarkgenossenschaft&#8220; im Buchdruck herausgegeben.<\/p>\n<p><span class=\"screen-reader-text\">Gel\u00f6scht: <\/span>Ein neues Buch zur Geschichte Hammenstedt werde ich am 19. Sept. 2018 um 19.30 Uhr im Schulungsraum der Feuerwehr vorstellen. Es handelt sich um eine Dokumentation \u00fcber das Leben in der sogen. Nazizeit in Hammenstedt.<\/p>\n<p><img loading=\"lazy\" decoding=\"async\" class=\"alignnone size-large wp-image-889\" src=\"http:\/\/karlnolte.de\/wp-content\/uploads\/2018\/08\/Bucheinband-730x1024.jpg\" alt=\"\" width=\"660\" height=\"926\" srcset=\"https:\/\/karlnolte.de\/wp-content\/uploads\/2018\/08\/Bucheinband-730x1024.jpg 730w, https:\/\/karlnolte.de\/wp-content\/uploads\/2018\/08\/Bucheinband-214x300.jpg 214w, https:\/\/karlnolte.de\/wp-content\/uploads\/2018\/08\/Bucheinband-768x1078.jpg 768w, https:\/\/karlnolte.de\/wp-content\/uploads\/2018\/08\/Bucheinband-619x869.jpg 619w, https:\/\/karlnolte.de\/wp-content\/uploads\/2018\/08\/Bucheinband.jpg 2002w\" sizes=\"auto, (max-width: 660px) 100vw, 660px\" \/><\/p>\n<p>Viele Unterlagen sind wegen der F\u00fclle des Materials nicht oder nur verk\u00fcrzt in die gedruckte Chronik eingeflossen. Damit diese Unterlagen nicht verloren gehen, habe ich sie in ca. 60 sogen. &#8222;Sonderb\u00e4nden zur Geschichte Hammenstedts&#8220; zusammengefa\u00dft, f\u00fcr die eine Drucklegung allerdings nicht vorgesehen ist. <strong><br \/>\n<\/strong><\/p>\n<p><img loading=\"lazy\" decoding=\"async\" class=\"alignnone size-large wp-image-1538\" src=\"http:\/\/karlnolte.de\/wp-content\/uploads\/2019\/05\/Verzeichnis-Sonderb\u00e4nde-Grafik-580x1024.jpg\" alt=\"\" width=\"580\" height=\"1024\" srcset=\"https:\/\/karlnolte.de\/wp-content\/uploads\/2019\/05\/Verzeichnis-Sonderb\u00e4nde-Grafik-580x1024.jpg 580w, https:\/\/karlnolte.de\/wp-content\/uploads\/2019\/05\/Verzeichnis-Sonderb\u00e4nde-Grafik-170x300.jpg 170w, https:\/\/karlnolte.de\/wp-content\/uploads\/2019\/05\/Verzeichnis-Sonderb\u00e4nde-Grafik-768x1357.jpg 768w, https:\/\/karlnolte.de\/wp-content\/uploads\/2019\/05\/Verzeichnis-Sonderb\u00e4nde-Grafik-619x1094.jpg 619w, https:\/\/karlnolte.de\/wp-content\/uploads\/2019\/05\/Verzeichnis-Sonderb\u00e4nde-Grafik.jpg 1668w\" sizes=\"auto, (max-width: 580px) 100vw, 580px\" \/><\/p>\n<p style=\"text-align: center;\">\n<p style=\"text-align: center;\"><strong>Die Geschichte des Dorfes in einer Kurz\u00fcbersicht<\/strong><\/p>\n<p>Das genaue Gr\u00fcndungsdatum des Ortes ist nicht \u00fcberliefert. Bekannt ist, dass der ehemalige &#8222;Hof Hammenstedt&#8220; ehemals im Eigentum eines Grafen Godiza stand. Dieser \u00fcbereignete das Gut Kaiser Heinrich II, der es ihm zum Lehen zur\u00fcckgab. Ein damals \u00fcbliches Verfahren, um sich den Schutz des Landesherren zu sichern.<\/p>\n<p>Nach dem Tode der \u00fcberlebenden Ehefrau des Grafen \u00fcbergab Heinrich II. durch Vermittlung des Papstes Bennedikt anl\u00e4sslich der Weihe des Bamberger Domes das <i>Gut Hammenstedt<\/i> dem Bischof Meinwerk zum Eigentum. Die \u00fcberlieferte Schenkungsurkunde ist die \u00e4lteste schriftliche Unterlage zur Geschichte des Ortes. \u00dcber das Jahr der \u00dcbergabe des Besitzes \u2013 1019 oder 1020 \u2013 bestandt Uneinigkeit. Heute nachgewiesen, dass das Jahr 1020 das richtige ist. Das Erzbistum Paderborn bewirtschaftete das zu einem Dorf angewachsene Gut Hammenstedt nie selbst, sondern gab es als Lehen. Unter den Lehnsherren spielen die Edelherren von Plasse eine besondere Rolle. Auch sie gaben diese Liegenschaft im Wege der Afterlehnschaft weiter<\/p>\n<p>Dieses f\u00fchrte zu zum Teil verwirrenden Eigentums- und Besitzverh\u00e4ltnissen, so dass das urspr\u00fcngliche Eigentumsrecht des Bistums Paderborn im Laufe der Jahrhunderte in Vergessenheit geriet und der Bischof von Paderborn sein Eigentumsrecht sich im Klagewege neu erstreiten musste. Mit der Angelegenheit wurde am 19. Juni 1292 der Propst des Einbecker Stiftes Sankt Alexandri beauftragt. Letztlich wurde das Eigentumsrecht des Bistums im Wege eines Vergleichs best\u00e4tigt.<\/p>\n<p>1493 wurde das Dorf, als dessen Afterlehnsherren damals die Herren von Bodenhausen fungierten, mit Zustimmung der Herren von der Plesse und des Bischofs von Paderborn, der Stadt Northeim zum Afterlehen \u00fcbereignet. Diese Afterlehnsschaft bestand bis zum Beginn des 19. Jahrhunderts.<\/p>\n<p>Durch die Abl\u00f6sungsverordnung von 1833 und dem Gesetz zur Allodifikation wurden die gutsherrlichen Rechte und Lasten der Stadt Northeim nach und nach abgel\u00f6st.<\/p>\n<p>Inzwischen ist das Dorf, das heute ca. 1.000 Einwohner z\u00e4hlt, durch die Eingemeindung zum 1. M\u00e4rz 1974 in den Scho\u00df der Stadt Northeim zur\u00fcckgekehrt.<sup id=\"cite_ref-2\"> <\/sup>Der h\u00f6chste Einwohnerstand wurde durch die Aufnahme zahlreicher Fl\u00fcchtlinge und Vertriebener infolge des Zweiten Weltkrieges im Jahr 1948 mit 1250 Personen erreicht, kurz vor Ausbruch des Krieges z\u00e4hlte man knapp die H\u00e4lfte. Bis 1974 ging die Bev\u00f6lkerungszahl auf 856 Einwohner zur\u00fcck und nahm sp\u00e4ter wieder leicht zu.<\/p>\n<p>Hammenstedts Spitzname &#8222;Sch\u00f6teweg&#8220; ist von den sogen. &#8222;Rocksch\u00f6\u00dfen&#8220; hergeleitet. Weil die Hammenstedter in fr\u00fcherere Zeit diese R\u00f6cksch\u00f6\u00dfe beim Hinsetzten nicht ordentlich zur Seite legten und sie danach sehr ramponiert aussahen erinnerten ausw\u00e4rtige Zeitgenossen sie mit dem Ruf &#8222;Sch\u00f6te (Sch\u00f6\u00dfe) weg&#8220; an die pflegliche Behandlung der Rocksch\u00f6\u00dfe.<br \/>\nHieraus entwickelte sich der Neckname &#8222;Sch\u00f6teweg&#8220; mit dem Hammenstedter beim Besuch ausw\u00e4rtiger Tanzmusiken u. \u00e4. empfangen wurden.<\/p>\n<p><strong>Erg\u00e4nzungen zur Chronik<\/strong><\/p>\n<p>Erg\u00e4nzung 16.10.2018: Auf Seite 195 der Chronik werden einige Fotos von der Besetzung Hammenstedts im Jahre 1945 wiedergegeben, die s. Zt. der amerikanische Soldat J. Neumeyer aufgenommen hat. K\u00fcrzlich habe ich ein weiteres Foto entdeckt, auf dem Neumeyer selbst zu sehen ist. (2. von links)<\/p>\n<p><strong><img loading=\"lazy\" decoding=\"async\" class=\"alignnone size-full wp-image-1273\" src=\"http:\/\/karlnolte.de\/wp-content\/uploads\/2018\/10\/1945-Neymeyer-88e_p58.jpg\" alt=\"\" width=\"600\" height=\"439\" srcset=\"https:\/\/karlnolte.de\/wp-content\/uploads\/2018\/10\/1945-Neymeyer-88e_p58.jpg 600w, https:\/\/karlnolte.de\/wp-content\/uploads\/2018\/10\/1945-Neymeyer-88e_p58-300x220.jpg 300w\" sizes=\"auto, (max-width: 600px) 100vw, 600px\" \/><\/strong><\/p>\n","protected":false},"excerpt":{"rendered":"<p>In den letzten 20 Jahren habe ich mich intensiv mit der Geschichte meines Heimatortes Hammenstedt besch\u00e4ftigt und hierzu drei B\u00fccher herausgeben. Im November 2009 ist das Buch &#8222;Die Geschichte des Dorfes Hammenstedt und der W\u00fcstung Husum&#8220; erschienen. Hierbei handelt es sich um eine\u00a0 \u00dcberarbeitung und Aktualisierung einer in der 1920er Jahren von Adolf Hueg, Northeim [&hellip;]<\/p>\n","protected":false},"author":1,"featured_media":0,"parent":0,"menu_order":0,"comment_status":"closed","ping_status":"closed","template":"","meta":{"footnotes":""},"class_list":["post-29","page","type-page","status-publish","hentry"],"_links":{"self":[{"href":"https:\/\/karlnolte.de\/index.php?rest_route=\/wp\/v2\/pages\/29","targetHints":{"allow":["GET"]}}],"collection":[{"href":"https:\/\/karlnolte.de\/index.php?rest_route=\/wp\/v2\/pages"}],"about":[{"href":"https:\/\/karlnolte.de\/index.php?rest_route=\/wp\/v2\/types\/page"}],"author":[{"embeddable":true,"href":"https:\/\/karlnolte.de\/index.php?rest_route=\/wp\/v2\/users\/1"}],"replies":[{"embeddable":true,"href":"https:\/\/karlnolte.de\/index.php?rest_route=%2Fwp%2Fv2%2Fcomments&post=29"}],"version-history":[{"count":30,"href":"https:\/\/karlnolte.de\/index.php?rest_route=\/wp\/v2\/pages\/29\/revisions"}],"predecessor-version":[{"id":1762,"href":"https:\/\/karlnolte.de\/index.php?rest_route=\/wp\/v2\/pages\/29\/revisions\/1762"}],"wp:attachment":[{"href":"https:\/\/karlnolte.de\/index.php?rest_route=%2Fwp%2Fv2%2Fmedia&parent=29"}],"curies":[{"name":"wp","href":"https:\/\/api.w.org\/{rel}","templated":true}]}}