{"id":107,"date":"2017-08-10T14:17:15","date_gmt":"2017-08-10T12:17:15","guid":{"rendered":"http:\/\/karlnolte.de\/?page_id=107"},"modified":"2023-08-24T20:14:10","modified_gmt":"2023-08-24T18:14:10","slug":"1000-jahrfeier","status":"publish","type":"page","link":"https:\/\/karlnolte.de\/?page_id=107","title":{"rendered":"1000 Jahrfeier"},"content":{"rendered":"<p>Am 20. April 1020 \u00fcbertrug Kaiser Heinrich II den Hof Hammenstedt dem Paderborner Bischof Meinhard als Lehen. Diese Schenkungsurkunde ist die \u00e4lteste bekannte urkundliche Erw\u00e4hnung des Dorfes Hammenstedt. Im Jahre 2020 soll aus\u00a0 Anlass der tausendsten Wiederkehr dieses Tages eine Feier stattfinden. Die Vorbereitung hierzu sind inzwischen eingeleitet. \u00dcber den weiteren Fortgang werde ich an dieser Stelle berichten.<\/p>\n<h2><strong>1000 Jahrfeier im Jahre 2019 oder 2020?<\/strong><\/h2>\n<p>Lange Zeit war man in Hammenstedt davon ausgegangen, dass die Urkunde, auf die sich die in Aussicht genommene 1000 Jahrfeuer bezieht im Jahre 1019 ausgestellt worden ist, wie es auch in alten Ver\u00f6ffentlichungen zur Geschichte Hammenstedt berichtet worden ist. Erste Zweifel an der Richtigkeit dieses Datums hat bereits vor ca. 20 Jahren die damalige Ortsheimatpflegerin Bettina Dehne ge\u00e4u\u00dfert. Bei der Erstellung der Hammenstedter Ortschronik habe ich zu diesem Thema umfangreichen Recherchen vorgenommen, die eindeutig best\u00e4tigt haben, dass die Zweifel von Bettina Dehne berechtigt waren. Die Urkunde wurde tats\u00e4chlich erst im Jahre 1020 ausgestellt.<\/p>\n<h2>1000 Jahrfeier<\/h2>\n<div class=\"entry-content\">\n<blockquote><p>1000 Jahrfeier zweifach verlegt<\/p>\n<p>Zun\u00e4chst sollte die Feier im Jahre 2019 stattfinden. Nachdem ich nachgewiesen hatte, dass der richtige Termin 2020 ist, wurde die Feier f\u00fcr 2020 geplant.<\/p>\n<p>Wegen der Corona Epidemie im Jahre 2020 mu\u00dfte die Feier erneut abgesetzt werden und wird jetzt voraussicht im Jahr 2025 durchgef\u00fchrt.<\/p><\/blockquote>\n<\/div>\n<p>Am <strong>10. April 2017<\/strong> hatte der Ortsrat die \u00f6rtlichen Vereine und Institutionen und interessiert B\u00fcrger zu einer ersten Besprechung eingeladen. Die Fragestellung lautete &#8222;Wann, Wo und Wie&#8220; sollte\/k\u00f6nnte das Jubil\u00e4um gefeiert werden. Grunds\u00e4tzlich war man sich einig, dass eine Feier unter Mitwirkung aller Vereine und Institutionen im Sommer 2020 durchgef\u00fchrt werden soll. In der Woche, in der der 20. April f\u00e4llt, wird ein Empfang mit einem Vortrag in Erw\u00e4gung gezogen. Die anwesenden Vereinsvertreter werden gebeten, das Vorhaben in ihrem Bereich bekanntzumachen und zu ergr\u00fcnden in welchem Umfang ein Beitrag zu einer Feier geleistet werden kann. Eine n\u00e4chste Zusammenkunft soll am 19. Juni 2017 stattfinden, bei der ein Festausschuss gebildet werden ssoll.<\/p>\n<p>Bei der Zusammenkunft am <strong>19. Juni 2017<\/strong> stellte Rainer Mosch f\u00fcr die &#8222;UWH&#8220; einen Vorschlag vor. Ein weiteres Konzept wurde von Markus T\u00fcrk vorgetragen&#8220;. Anschlie\u00dfend wurde die Zusammensetzung des Festausschusses diskutiert. Da hierzu noch Abstimmungsbedarf innerhalb der Vereine\/Institutionen besteht wurde festgelegt, dass das Gremium bei der n\u00e4chsten Zusammenkunft gegr\u00fcndet werden soll.<\/p>\n<p>Bei der Zusammenkunft am<strong> 17.7.2017<\/strong> wurde folgender Festausschu\u00df gew\u00e4hlt.<\/p>\n<ol>\n<li>Vors. Dieter Markus<\/li>\n<li>stellvert. Vorsitzende Gerda Kahle, Regina Gro\u00dfklags, Frank Bartsch, Vitaly Nickel<\/li>\n<li>Kassenwart Rainer Mosch u. Marcus T\u00fcrk<\/li>\n<li>Schriftf\u00fchrer (zust\u00e4ndig f\u00fcr Protokolle, Presse und \u00d6ffentlichkeitsarbeit) Peter Slawig, Heidi Wandt u. Daniel Keune<\/li>\n<\/ol>\n<p>Alle anderen, die von ihren Vereinen und Institutionen f\u00fcr den Festausschuss vorgeschlagenen waren, sind Beisitzer mit Stimmrecht.<\/p>\n<p>Sitzung des Festausschusses am <strong>7.8.2017<\/strong> <strong>. <\/strong>Folgender Diskussionsvorschlag wurde erarbeitet.<\/p>\n<p><strong>23.4. 2020 Empfang und Feierstunde in der Kirche<\/strong><\/p>\n<p><strong>24.4.2020 Jugenddisco\/Disco in der Sporthalle<\/strong><\/p>\n<p><strong>25.4.2017 Tanzveranstaltung\/Kommers in der Sporthalle<\/strong><\/p>\n<p><strong>20.6.\/1.6. oder 27.6.\/28.6. 2020 Altert\u00fcmlicher Markt rund um die Kirche <\/strong><\/p>\n<p><strong>Am 27. Nov. 2017 <\/strong>hat der gesch\u00e4ftsf\u00fchrende Festausschu\u00df f\u00fcr die 1000 Jahrfeier getagt. Neben der Abkl\u00e4rung rechtlicher und organisatorischer Fragen wurden Arbeitsgruppen f\u00fcr die einzelnen Veranstaltungen gebildet, die noch um zwei weitere Mitglieder aus dem Gesamtvorstand erg\u00e4nzt werden sollen.<\/p>\n<p><strong>Sitzung Festausschuss an 22.1.2018<\/strong><\/p>\n<p><strong>Folgende Arbeitsgruppen wurden gebildet:<\/strong><\/p>\n<p><strong>Feierstunde St. Petri Kirche am 23.4.2020\u00a0<\/strong><\/p>\n<p>Regina u. Gerh. Gro\u00dfklags, Martina Gastort, Dieter Markus<\/p>\n<p><strong>Jugenddisco am 24.4.2020<\/strong><\/p>\n<p>Vitalij Nickel, Daniel Keune, Stefan Gastorf, J\u00f6rg Schlappig<\/p>\n<p><strong>Tanzveranstaltung\/Festball am 25.4.2020<\/strong><\/p>\n<p>Frank Bartsch, Peter Slawik, J\u00f6rg Schlappig<\/p>\n<p><strong>Markt rund um die Kirche am 29.\/21.6.2020<\/strong><\/p>\n<p>Marcus T\u00fcrk, Heidi Wandt, Gerda Kahle, Reinhardt Weise, Mark Kamin<\/p>\n<p><strong>Kinderbelustigung am 20.21.6.2020<\/strong><\/p>\n<p>Karen Karius, Rainer Mosch, Kindergarten Frau Thiele<\/p>\n<p><strong>Festzeitschrift<\/strong><\/p>\n<p>Peter Slawik, Marcus T\u00fcrk, Heidi Wandt, Frank Hoffmann<\/p>\n<p><strong>Sonstige Veranstaltungen im Festjahr<\/strong><\/p>\n<p>Marcus T\u00fcrk, Heidi Wandt<\/p>\n<p><strong>Sitzung des Festausschusses am 19.2.2018<\/strong><\/p>\n<p>Ein Hauptpunkt in der Sitzung bildete die Diskussion \u00fcber die rechtliche Konstruktion des Veranstaltungsgremiums f\u00fcr die Ausrichtung der Feierlichkeiten. Es ist in Erw\u00e4gung gezogen, hierf\u00fcr einen gemeinn\u00fctzigen Verein zu gr\u00fcnden.<\/p>\n<p>Die Arbeitsgruppen &#8222;Markt rund um die Kirche&#8220; und &#8218;&#8220;Kinderspa\u00df&#8220; legt f\u00fcr diesen Bereich ein Konzept vor, dem zugestimmt wurde.<\/p>\n","protected":false},"excerpt":{"rendered":"<p>Am 20. April 1020 \u00fcbertrug Kaiser Heinrich II den Hof Hammenstedt dem Paderborner Bischof Meinhard als Lehen. Diese Schenkungsurkunde ist die \u00e4lteste bekannte urkundliche Erw\u00e4hnung des Dorfes Hammenstedt. Im Jahre 2020 soll aus\u00a0 Anlass der tausendsten Wiederkehr dieses Tages eine Feier stattfinden. Die Vorbereitung hierzu sind inzwischen eingeleitet. \u00dcber den weiteren Fortgang werde ich an [&hellip;]<\/p>\n","protected":false},"author":1,"featured_media":0,"parent":0,"menu_order":0,"comment_status":"closed","ping_status":"closed","template":"","meta":{"footnotes":""},"class_list":["post-107","page","type-page","status-publish","hentry"],"_links":{"self":[{"href":"https:\/\/karlnolte.de\/index.php?rest_route=\/wp\/v2\/pages\/107","targetHints":{"allow":["GET"]}}],"collection":[{"href":"https:\/\/karlnolte.de\/index.php?rest_route=\/wp\/v2\/pages"}],"about":[{"href":"https:\/\/karlnolte.de\/index.php?rest_route=\/wp\/v2\/types\/page"}],"author":[{"embeddable":true,"href":"https:\/\/karlnolte.de\/index.php?rest_route=\/wp\/v2\/users\/1"}],"replies":[{"embeddable":true,"href":"https:\/\/karlnolte.de\/index.php?rest_route=%2Fwp%2Fv2%2Fcomments&post=107"}],"version-history":[{"count":18,"href":"https:\/\/karlnolte.de\/index.php?rest_route=\/wp\/v2\/pages\/107\/revisions"}],"predecessor-version":[{"id":1764,"href":"https:\/\/karlnolte.de\/index.php?rest_route=\/wp\/v2\/pages\/107\/revisions\/1764"}],"wp:attachment":[{"href":"https:\/\/karlnolte.de\/index.php?rest_route=%2Fwp%2Fv2%2Fmedia&parent=107"}],"curies":[{"name":"wp","href":"https:\/\/api.w.org\/{rel}","templated":true}]}}